{"id":1356,"date":"2023-08-22T09:23:24","date_gmt":"2023-08-22T06:23:24","guid":{"rendered":"https:\/\/new.interior-resources.ro\/?page_id=1356"},"modified":"2023-08-27T13:41:24","modified_gmt":"2023-08-27T10:41:24","slug":"depozitare-2","status":"publish","type":"page","link":"https:\/\/interior-resources.ro\/en\/depozitare-2\/","title":{"rendered":"Warehousing"},"content":{"rendered":"<section class=\"bde-section-1356-105 bde-section\">\n  \n\t\n\n\n\n<div class=\"section-container\"><h1 class=\"bde-heading-1356-106 bde-heading\">\nWarehousing\n<\/h1><\/div>\n<\/section><section class=\"bde-section-1356-102 bde-section\">\n  \n\t\n\n\n\n<div class=\"section-container\"><\/div>\n<\/section><section class=\"bde-section-1356-103 bde-section\">\n  \n\t\n\n\n\n<div class=\"section-container\"><div class=\"bde-text-1356-104 bde-text\">\nIn time, based on our clients requests, we started providing our clients such a service as furniture or other product warehousing. Weather client wishes to reposition their goods in a new facility in Bucharest or they need shorter or longer term storage facility for their goods, we are capable to offer this service under a continuos procedure.<br><br>The warehouse process involves receiving inventory, storing it, and making it available for delivery upon clients' request. The warehouse process is rarely the core competency of a company, thus by using a 3rd party warehousing service, significant time and money can be saved.<br><br>Outsourcing your warehousing services, your company can relieve itself of the time-consuming responsibility to focus on your key drivers (marketing, product development, etc.).\n<\/div><\/div>\n<\/section>","protected":false},"excerpt":{"rendered":"<p>Depozitare \u00cen timp, pe baza cererilor clientilor nostri, am \u00eenceput s\u0103 le furnizam acestora serviciul de depozitare. In cazul in care clientul doreste s\u0103 repozi\u021bioneze bunurile lor \u00eentr-o nou\u0103 unitate \u00een Bucure\u0219ti sau au nevoie pe termene scurte sau mai lungi de timp pentru a stoca undeva bunurile lor, suntem capabili sa oferim acest serviciu [&hellip;]<\/p>","protected":false},"author":2,"featured_media":0,"parent":0,"menu_order":0,"comment_status":"closed","ping_status":"closed","template":"","meta":{"_breakdance_hide_in_design_set":false,"_breakdance_tags":"","footnotes":""},"class_list":["post-1356","page","type-page","status-publish","hentry"],"acf":[],"_links":{"self":[{"href":"https:\/\/interior-resources.ro\/en\/wp-json\/wp\/v2\/pages\/1356","targetHints":{"allow":["GET"]}}],"collection":[{"href":"https:\/\/interior-resources.ro\/en\/wp-json\/wp\/v2\/pages"}],"about":[{"href":"https:\/\/interior-resources.ro\/en\/wp-json\/wp\/v2\/types\/page"}],"author":[{"embeddable":true,"href":"https:\/\/interior-resources.ro\/en\/wp-json\/wp\/v2\/users\/2"}],"replies":[{"embeddable":true,"href":"https:\/\/interior-resources.ro\/en\/wp-json\/wp\/v2\/comments?post=1356"}],"version-history":[{"count":7,"href":"https:\/\/interior-resources.ro\/en\/wp-json\/wp\/v2\/pages\/1356\/revisions"}],"predecessor-version":[{"id":3650,"href":"https:\/\/interior-resources.ro\/en\/wp-json\/wp\/v2\/pages\/1356\/revisions\/3650"}],"wp:attachment":[{"href":"https:\/\/interior-resources.ro\/en\/wp-json\/wp\/v2\/media?parent=1356"}],"curies":[{"name":"wp","href":"https:\/\/api.w.org\/{rel}","templated":true}]}}